{"id":18,"date":"2017-04-11T17:21:04","date_gmt":"2017-04-11T15:21:04","guid":{"rendered":"http:\/\/chilaud-tournet-clairette9.be\/?page_id=18"},"modified":"2018-01-24T14:45:52","modified_gmt":"2018-01-24T13:45:52","slug":"a-propos-de","status":"publish","type":"page","link":"https:\/\/chilaud-tournet-clairette9.be\/index.php\/a-propos-de\/","title":{"rendered":"\u00c0 propos de"},"content":{"rendered":"<p>Devant mon objectif beaucoup de chosent passent et se passent : Rencontres sportives (Roller Hockey, handball, courses d\u2019obstacles, randonn\u00e9es), montgolfi\u00e8res, meetings, soir\u00e9es entre amis, f\u00eates de famille, feux d\u2019artifices, promenades-photo, petits pr\u00e9sents de la nature \u2026<\/p>\n<p>Certains albums sont tr\u00e8s priv\u00e9s (et pour cause) d\u2019autres sont en acc\u00e8s libre&nbsp; ou d\u2019autres encore sont prot\u00e9g\u00e9s par des mots de passe, n\u2019h\u00e9sitez pas \u00e0 me les demander si vous vous sentez concern\u00e9\u2026 \ud83d\ude09<\/p>\n<p>Toutes les photos de ce site (et des autres) sont en qualit\u00e9 r\u00e9duite pour plus de facilit\u00e9 dans la navigation et pour des raisons de stockage, mais j&rsquo;en garde toujours les originaux au besoin&nbsp;<\/p>\n<p>vous pouvez retrouver les autres photos et archives sur mon google + en suivant le lien<a href=\"https:\/\/plus.google.com\/u\/0\/111312777227627512140\">&nbsp;<\/a>&nbsp;<a href=\"https:\/\/plus.google.com\/u\/0\/111312777227627512140\">https:\/\/plus.google.com\/u\/0\/111312777227627512140<\/a><\/p>\n<p>&nbsp;<\/p>\n<p>&nbsp;<\/p>\n","protected":false},"excerpt":{"rendered":"<p>Devant mon objectif beaucoup de chosent passent et se passent : Rencontres sportives (Roller Hockey, handball, courses d\u2019obstacles, randonn\u00e9es), montgolfi\u00e8res, meetings, soir\u00e9es entre amis, f\u00eates de famille, feux d\u2019artifices, promenades-photo, petits pr\u00e9sents de la nature \u2026 Certains albums sont tr\u00e8s priv\u00e9s (et pour cause) d\u2019autres sont en acc\u00e8s libre&nbsp; ou d\u2019autres encore sont prot\u00e9g\u00e9s par &hellip; <\/p>\n<p class=\"link-more\"><a href=\"https:\/\/chilaud-tournet-clairette9.be\/index.php\/a-propos-de\/\" class=\"more-link\">Continuer la lecture<span class=\"screen-reader-text\"> de &laquo;&nbsp;\u00c0 propos de&nbsp;&raquo;<\/span><\/a><\/p>\n","protected":false},"author":2,"featured_media":0,"parent":0,"menu_order":0,"comment_status":"closed","ping_status":"closed","template":"","meta":{"ngg_post_thumbnail":0,"jetpack_post_was_ever_published":false,"footnotes":""},"jetpack_sharing_enabled":true,"jetpack_shortlink":"https:\/\/wp.me\/P8C07a-i","jetpack-related-posts":[],"_links":{"self":[{"href":"https:\/\/chilaud-tournet-clairette9.be\/index.php\/wp-json\/wp\/v2\/pages\/18"}],"collection":[{"href":"https:\/\/chilaud-tournet-clairette9.be\/index.php\/wp-json\/wp\/v2\/pages"}],"about":[{"href":"https:\/\/chilaud-tournet-clairette9.be\/index.php\/wp-json\/wp\/v2\/types\/page"}],"author":[{"embeddable":true,"href":"https:\/\/chilaud-tournet-clairette9.be\/index.php\/wp-json\/wp\/v2\/users\/2"}],"replies":[{"embeddable":true,"href":"https:\/\/chilaud-tournet-clairette9.be\/index.php\/wp-json\/wp\/v2\/comments?post=18"}],"version-history":[{"count":0,"href":"https:\/\/chilaud-tournet-clairette9.be\/index.php\/wp-json\/wp\/v2\/pages\/18\/revisions"}],"wp:attachment":[{"href":"https:\/\/chilaud-tournet-clairette9.be\/index.php\/wp-json\/wp\/v2\/media?parent=18"}],"curies":[{"name":"wp","href":"https:\/\/api.w.org\/{rel}","templated":true}]}}